{"id":111,"date":"2026-03-26T21:37:23","date_gmt":"2026-03-26T21:37:23","guid":{"rendered":"https:\/\/www.env.nm.gov\/clean-transportation-fuel-program\/?page_id=111"},"modified":"2026-03-30T03:52:17","modified_gmt":"2026-03-30T03:52:17","slug":"press-releases","status":"publish","type":"page","link":"https:\/\/www.env.nm.gov\/clean-transportation-fuel-program\/press-releases\/","title":{"rendered":"Program reports &amp; announcements"},"content":{"rendered":"\n<h3 class=\"wp-block-heading has-text-align-center\"><strong><a href=\"https:\/\/www.env.nm.gov\/clean-transportation-fuel-program\/programreportsandannouncements\/\" data-type=\"page\" data-id=\"185\">Announcements<\/a> | Press Releases | <a href=\"https:\/\/www.env.nm.gov\/clean-transportation-fuel-program\/departmental-reports\/\" data-type=\"page\" data-id=\"189\">Departmental Reports<\/a><\/strong><\/h3>\n\n\n\n<div style=\"height:10px\" aria-hidden=\"true\" class=\"wp-block-spacer\"><\/div>\n\n\n\n<h2 class=\"wp-block-heading\"><strong>Press releases<\/strong><\/h2>\n\n\n\n<h3 class=\"wp-block-heading\"><strong>January 22, 2026<\/strong><\/h3>\n\n\n\n<p><a href=\"https:\/\/www.env.nm.gov\/wp-content\/uploads\/2026\/01\/2026-01-22-COMMS-New-Mexico-officially-adopts-first-clean-fuel-market-in-Southwest-Final.pdf\" target=\"_blank\" rel=\"noreferrer noopener\">New Mexico officially adopts first clean fuel market in Southwest<\/a>&nbsp;<\/p>\n\n\n\n<h3 class=\"wp-block-heading\"><strong>May 19, 2025&nbsp;<\/strong><\/h3>\n\n\n\n<p><a href=\"https:\/\/www.env.nm.gov\/wp-content\/uploads\/2025\/05\/2025-05-19-COMMS-New-Mexico-plans-clean-fuels-program-to-protect-air-boost-economy-Final.pdf\" target=\"_blank\" rel=\"noreferrer noopener\">New Mexico plans clean fuels program to protect air &amp; boost economy<\/a>&nbsp;<\/p>\n\n\n\n<p><a href=\"https:\/\/acrobat.adobe.com\/id\/urn:aaid:sc:va6c2:b2503c30-bbc4-404d-9b4a-dec64bb11893\" target=\"_blank\" rel=\"noreferrer noopener\">Nuevo M\u00e9xico&nbsp;planea&nbsp;un&nbsp;programa&nbsp;de combustibles&nbsp;limpios&nbsp;para&nbsp;proteger&nbsp;el&nbsp;aire&nbsp;e&nbsp;impulsar&nbsp;la&nbsp;econom\u00eda<\/a>&nbsp;<\/p>\n\n\n\n<h3 class=\"wp-block-heading\"><strong>Dec 19, 2024<\/strong><\/h3>\n\n\n\n<p><a href=\"https:\/\/www.env.nm.gov\/wp-content\/uploads\/2025\/01\/2024-11-19-COMMS-NMED-releases-draft-rule-for-clean-fuel-program-FINAL.pdf\" target=\"_blank\" rel=\"noreferrer noopener\">NMED releases draft rule for clean fuel program<\/a>&nbsp;<\/p>\n\n\n\n<h3 class=\"wp-block-heading\"><strong>July 24, 2024&nbsp;<\/strong><\/h3>\n\n\n\n<p><a href=\"https:\/\/www.env.nm.gov\/wp-content\/uploads\/2024\/07\/2024-07-23-COMMS-Clean-Transportation-Fuel-Standard-Advisory-Committee-Meeting-Final-for-site.pdf\" target=\"_blank\" rel=\"noreferrer noopener\">Clean Transportation Fuel Standard Advisory Committee meeting to take place Friday, July 26<\/a>&nbsp;<\/p>\n\n\n\n<p><a href=\"https:\/\/www.env.nm.gov\/wp-content\/uploads\/2024\/07\/La-reunion-del-Comite-Asesor-sobre-el-Estandar-de-Combustibles-de-Transporte-Limpio-se-llevara-a-cabo-el-viernes-26-de-julio-Final.pdf\" target=\"_blank\" rel=\"noreferrer noopener\">La&nbsp;reuni\u00f3n&nbsp;del&nbsp;Comit\u00e9&nbsp;Asesor&nbsp;sobre&nbsp;el&nbsp;Est\u00e1ndar&nbsp;de Combustibles de Transporte&nbsp;Limpio&nbsp;se&nbsp;llevar\u00e1&nbsp;a&nbsp;cabo&nbsp;el&nbsp;viernes&nbsp;26 de&nbsp;julio<\/a>&nbsp;<\/p>\n\n\n\n<h3 class=\"wp-block-heading\"><strong>May 13, 2024&nbsp;<\/strong><\/h3>\n\n\n\n<p><a href=\"https:\/\/www.env.nm.gov\/wp-content\/uploads\/2024\/05\/2024-05-13-COMMS-NM-Environment-Dep.-seeks-applicants-for-Clean-Transportation-Fuel-Advisory-Committee-Final.pdf\" target=\"_blank\" rel=\"noreferrer noopener\">NM Environment Dept. seeks applicants for Clean Transportation Fuel Advisory Committee<\/a>&nbsp;<\/p>\n\n\n\n<p><a href=\"https:\/\/www.env.nm.gov\/wp-content\/uploads\/2024\/05\/2024-05-13-COMMS-El-Depto.-del-Medio-Ambiente-de-NM-busca-aplicantes-para-el-Comite-Asesor-de-Combustible-Limpio-para-Transporte-Final.pdf\" target=\"_blank\" rel=\"noreferrer noopener\">El Depto. del Medio&nbsp;Ambiente&nbsp;de NM&nbsp;busca&nbsp;aplicantes&nbsp;para&nbsp;el&nbsp;Comit\u00e9&nbsp;Asesor&nbsp;de Combustible&nbsp;Limpio&nbsp;para Transporte<\/a>&nbsp;<\/p>\n\n\n\n<h3 class=\"wp-block-heading\"><strong>Mar 5, 2024&nbsp;<\/strong><\/h3>\n\n\n\n<p><a href=\"https:\/\/www.env.nm.gov\/wp-content\/uploads\/2024\/03\/2024-03-05-COMMS-New-Mexico-becomes-fourth-state-to-enact-Clean-Fuel-Standards-as-governor-signs-legislation-Final.pdf\" target=\"_blank\" rel=\"noreferrer noopener\">New Mexico becomes fourth state to enact Clean Fuel Standards as governor signs legislation<\/a>&nbsp;<\/p>\n\n\n\n<h3 class=\"wp-block-heading\"><strong>Feb 13, 2024&nbsp;<\/strong><\/h3>\n\n\n\n<p><a href=\"https:\/\/www.env.nm.gov\/wp-content\/uploads\/2024\/02\/2024-02-13-COMMS-Senate-passes-landmark-Clean-Fuel-Standard-Final.pdf\" target=\"_blank\" rel=\"noreferrer noopener\">Senate passes landmark Clean Fuel Standard<\/a>&nbsp;<\/p>\n\n\n\n<p><a href=\"https:\/\/www.env.nm.gov\/wp-content\/uploads\/2024\/02\/OOTS_PR-Spanish_-2024-02-13-COMMS-Senate-passes-landmark-Clean-Fuel-Standard-Final.pdf\" target=\"_blank\" rel=\"noreferrer noopener\">El&nbsp;Senado&nbsp;aprueba&nbsp;un hist\u00f3rico&nbsp;est\u00e1ndar&nbsp;de combustible&nbsp;limpio<\/a>&nbsp;<\/p>\n\n\n\n<h3 class=\"wp-block-heading\"><strong>Feb 3, 2024&nbsp;<\/strong><\/h3>\n\n\n\n<p><a href=\"https:\/\/www.env.nm.gov\/wp-content\/uploads\/2024\/02\/2024-02-03-COMMS-House-passes-Clean-Fuel-Standard-for-first-time-Final.pdf\" target=\"_blank\" rel=\"noreferrer noopener\">House passes Clean Fuel Standard for first time<\/a>&nbsp;<\/p>\n\n\n\n<p><a href=\"https:\/\/www.env.nm.gov\/wp-content\/uploads\/2024\/02\/OOTS_PR-Spanish_-2024-02-03-COMMS-House-passes-Clean-Fuel-Standard-for-first-time-Final.pdf\" target=\"_blank\" rel=\"noreferrer noopener\">La C\u00e1mara de&nbsp;Representantes&nbsp;aprueba&nbsp;por&nbsp;primera&nbsp;vez&nbsp;el&nbsp;Est\u00e1ndar&nbsp;de Combustibles&nbsp;Limpios<\/a>&nbsp;<\/p>\n\n\n\n<div style=\"height:40px\" aria-hidden=\"true\" class=\"wp-block-spacer\"><\/div>\n","protected":false},"excerpt":{"rendered":"<p>Announcements | Press Releases | Departmental Reports Press releases January 22, 2026 New Mexico officially adopts first clean fuel market in Southwest&nbsp; May 19, 2025&nbsp; New Mexico plans clean fuels program to protect air &amp; boost economy&nbsp; Nuevo M\u00e9xico&nbsp;planea&nbsp;un&nbsp;programa&nbsp;de combustibles&nbsp;limpios&nbsp;para&nbsp;proteger&nbsp;el&nbsp;aire&nbsp;e&nbsp;impulsar&nbsp;la&nbsp;econom\u00eda&nbsp; Dec 19, 2024 NMED releases draft rule for clean fuel program&nbsp; July 24, 2024&nbsp; Clean [&hellip;]<\/p>\n","protected":false},"author":21,"featured_media":0,"parent":0,"menu_order":0,"comment_status":"closed","ping_status":"closed","template":"","meta":{"footnotes":""},"class_list":["post-111","page","type-page","status-publish","hentry"],"_links":{"self":[{"href":"https:\/\/www.env.nm.gov\/clean-transportation-fuel-program\/wp-json\/wp\/v2\/pages\/111","targetHints":{"allow":["GET"]}}],"collection":[{"href":"https:\/\/www.env.nm.gov\/clean-transportation-fuel-program\/wp-json\/wp\/v2\/pages"}],"about":[{"href":"https:\/\/www.env.nm.gov\/clean-transportation-fuel-program\/wp-json\/wp\/v2\/types\/page"}],"author":[{"embeddable":true,"href":"https:\/\/www.env.nm.gov\/clean-transportation-fuel-program\/wp-json\/wp\/v2\/users\/21"}],"replies":[{"embeddable":true,"href":"https:\/\/www.env.nm.gov\/clean-transportation-fuel-program\/wp-json\/wp\/v2\/comments?post=111"}],"version-history":[{"count":3,"href":"https:\/\/www.env.nm.gov\/clean-transportation-fuel-program\/wp-json\/wp\/v2\/pages\/111\/revisions"}],"predecessor-version":[{"id":138,"href":"https:\/\/www.env.nm.gov\/clean-transportation-fuel-program\/wp-json\/wp\/v2\/pages\/111\/revisions\/138"}],"wp:attachment":[{"href":"https:\/\/www.env.nm.gov\/clean-transportation-fuel-program\/wp-json\/wp\/v2\/media?parent=111"}],"curies":[{"name":"wp","href":"https:\/\/api.w.org\/{rel}","templated":true}]}}