{"id":10,"date":"2021-06-25T18:34:03","date_gmt":"2021-06-25T18:34:03","guid":{"rendered":"https:\/\/www.env.nm.gov\/liquid_waste\/information-for-homeowners\/"},"modified":"2024-03-21T18:45:10","modified_gmt":"2024-03-21T18:45:10","slug":"information-for-homeowners","status":"publish","type":"page","link":"https:\/\/www.env.nm.gov\/septic\/information-for-homeowners\/","title":{"rendered":"Homeowners Information"},"content":{"rendered":"\n<hr class=\"wp-block-separator has-css-opacity\" \/>\n\n\n\n<hr class=\"wp-block-separator has-css-opacity\" \/>\n\n\n\n<div style=\"height:49px\" aria-hidden=\"true\" class=\"wp-block-spacer\"><\/div>\n\n\n\n<h2 class=\"wp-block-heading\">Finding Qualified Liquid Waste Professionals<\/h2>\n\n\n\n<hr class=\"wp-block-separator has-css-opacity\" \/>\n\n\n\n<p>The Environment Department maintains lists of qualified liquid waste professionals in New Mexico. <\/p>\n\n\n\n<ul class=\"wp-block-list\">\n<li><a href=\"https:\/\/public.psiexams.com\/index_login.jsp\">Licensed Installers<\/a>:&nbsp;Any company that holds a valid and appropriate classification of contractor\u2019s license (MM-1, MM-98, MS-1, MS-3) issued by the New Mexico construction industries division can install, modify or evaluate liquid waste systems.<\/li>\n\n\n\n<li><a href=\"\/septic\/wp-content\/uploads\/sites\/14\/2017\/08\/Approved-List-Installer-Specialist.pdf\">Approved List of Installer Specialists<\/a>:&nbsp;Licensed installers that can also complete unpermitted systems installed prior to 2\/2\/2002.&nbsp;They have taken a department class and exam as well as completing 16 hours of continuing education every 3 years.<\/li>\n\n\n\n<li><a href=\"\/septic\/wp-content\/uploads\/sites\/14\/2017\/08\/Approved-List-Septage-Pumpers-210512.pdf\">Approved List of Septage Pumpers<\/a>: Individuals that have completed a department-approved course covering the safe handling and disposal of septage.&nbsp;Required for all septage pumpers.<\/li>\n<\/ul>\n\n\n\n<h2 class=\"wp-block-heading\">Qualifying to Install a Liquid Waste System at Your Home<\/h2>\n\n\n\n<hr class=\"wp-block-separator has-css-opacity\" \/>\n\n\n\n<p>Homeowners may qualify to install a liquid waste system after passing a homeowners installation exam Homeowners may qualify to install a conventional liquid waste system at their personal residence after passing a homeowners qualification exam administered at your local NMED Field Office. Study materials and the exam are provided in Spanish upon request.<\/p>\n\n\n\n<ol class=\"wp-block-list\">\n<li><strong>Complete <\/strong>an Application for Homeowner Qualification Certificate and Submit the application and applicable attachments to the local field office for review.<\/li>\n\n\n\n<li>If the review shows that the Application for Homeowner Qualification Certificate is complete, you may schedule an appointment to take the Qualified Homeowner exam with your local field office. You need a score of at least 75% to pass. After passing the exam, you will become a Qualified Homeowner. This qualification is valid for a twelve month period expiring on the anniversary month\u2019s last day.<\/li>\n\n\n\n<li>Qualified Homeowners can then submit an application for Liquid Waste Permit or Registration to the local field office for review. After the application is approved, you will receive two invoices totaling $395, usually by e-mail. Remember you are paying for both the Application for Homeowner Qualification Certificate ($170) and the Application for Liquid Waste Permit or Registration ($225 for 1,000 gpd or less). Items 2 and 3 are sometimes done at the same time.<\/li>\n\n\n\n<li>After paying the fee, your Permit to construct will be issued, and you have one year to install the system after becoming a qualified homeowner.<\/li>\n\n\n\n<li>Your permit to construct may include conditions that require you to call for multiple inspections including, but not limited to:\n<ol class=\"wp-block-list\" type=\"1\" start=\"1\">\n<li>Prior to setting the tank (Is the tank bed on compacted or undisturbed soil? Is the tank bed level?)<\/li>\n\n\n\n<li>When setting the tank (Is the tank level. Is the tank in good working order without major defects? Is the tank inlet\/outlet properly orientated?)<\/li>\n\n\n\n<li>prior to placing gravel or product in the disposal system. (Is the trench deep enough? Is the trench wide enough? If using chambers, did you account for the periscope &#8211; if required? Do you have enough slope?)<\/li>\n\n\n\n<li>Before placing the pipe in the trench (Is the gravel deep enough?)<\/li>\n\n\n\n<li>Before covering the system &#8211; Final inspection (required)<\/li>\n<\/ol>\n<\/li>\n\n\n\n<li>All Homeowner installations require an NMED final inspection.<\/li>\n\n\n\n<li>Remember to schedule your inspection times with your local field office two or three days in advance.<\/li>\n\n\n\n<li>A qualified homeowner cannot install or modify an on-site liquid waste system serving a rental unit, or other property that is not their personal residence.<\/li>\n\n\n\n<li>A qualified homeowner may install no more than one liquid waste system during a twelve month period.<\/li>\n\n\n\n<li>A qualified homeowner who self-installs a system cannot compensate any person to perform any phase of the system construction, unless that person holds a valid and appropriate classification of contractor\u2019s license (MS1, MS3, MM1, MM98) issued by the New Mexico construction industries division<\/li>\n<\/ol>\n\n\n\n<h2 class=\"wp-block-heading\">Important Links for Qualified Homeowners<\/h2>\n\n\n\n<hr class=\"wp-block-separator has-css-opacity\" \/>\n\n\n\n<ul class=\"wp-block-list\">\n<li><a rel=\"noreferrer noopener\" href=\"\/forms\/\" data-type=\"URL\" data-id=\"\/forms\/\" target=\"_blank\">Application for Homeowner Qualification Certificate<\/a><\/li>\n\n\n\n<li><a href=\"\/forms\/\" data-type=\"URL\" data-id=\"\/forms\/\">Application for Liquid Waste Permit or Registration<\/a><\/li>\n\n\n\n<li><a rel=\"noopener noreferrer\" href=\"\/wp-content\/uploads\/sites\/14\/2017\/08\/GD-LW-Homeowner-Guide-to-Install-a-LW-System-2006-2nd-Edition-190802.pdf\" target=\"_blank\">Homeowner Installation Manual<\/a><\/li>\n\n\n\n<li><a rel=\"noopener noreferrer\" href=\"\/wp-content\/uploads\/sites\/14\/2017\/08\/GD-LW-Homeowner-Installation-Guide-SPANISH-040715-formatted.pdf\" target=\"_blank\">Gu\u00eda para el Due\u00f1o de Casa: C\u00f3mo Instalar un Tanque S\u00e9ptico y Campo de Desag\u00fce<\/a><\/li>\n\n\n\n<li><a rel=\"noreferrer noopener\" href=\"https:\/\/www.youtube.com\/watch?v=SQsBPqTvGU0&amp;list=PL-faFUf468pkAaSsVePJaQZqremdbP1rC&amp;index=16\" data-type=\"URL\" data-id=\"https:\/\/www.youtube.com\/watch?v=SQsBPqTvGU0&amp;list=PL-faFUf468pkAaSsVePJaQZqremdbP1rC&amp;index=16\" target=\"_blank\">How Does a Septic System Work?<\/a> (Southwest EFC &#8211; Educational Video) <\/li>\n\n\n\n<li><a rel=\"noopener noreferrer\" href=\"https:\/\/www.youtube.com\/watch?v=bL0_UDGW-Ho&amp;t=324s\" target=\"_blank\">Video: An Introductory Guide to Installing a Septic Tank and Drainfield (English)<\/a> <\/li>\n\n\n\n<li><a rel=\"noopener noreferrer\" href=\"https:\/\/www.youtube.com\/watch?v=ieRsi8k6_NQ\" target=\"_blank\">Video: An Introductory Guide to Installing a Septic Tank and Drainfield (espa\u00f1ol)<\/a> <\/li>\n\n\n\n<li><a rel=\"noreferrer noopener\" href=\"https:\/\/www.env.nm.gov\/septic\/laws-and-regulations\/\" data-type=\"URL\" data-id=\"https:\/\/www.env.nm.gov\/septic\/laws-and-regulations\/\" target=\"_blank\">Regulation<\/a><\/li>\n\n\n\n<li><a rel=\"noreferrer noopener\" href=\"https:\/\/www.env.nm.gov\/septic\/wp-content\/uploads\/sites\/11\/2022\/10\/LW-701.J-FACTSHEET-Setback-Distance-Between-Trenches-150223.pdf\" data-type=\"URL\" data-id=\"https:\/\/www.env.nm.gov\/septic\/wp-content\/uploads\/sites\/11\/2022\/10\/LW-701.J-FACTSHEET-Setback-Distance-Between-Trenches-150223.pdf\" target=\"_blank\">Trench Setback Table<\/a><\/li>\n\n\n\n<li><a rel=\"noreferrer noopener\" href=\"https:\/\/www.env.nm.gov\/septic\/approved-products\/\" data-type=\"URL\" data-id=\"https:\/\/www.env.nm.gov\/septic\/approved-products\/\" target=\"_blank\">Approved products list page<\/a><\/li>\n\n\n\n<li>Tables from 20.7.3<\/li>\n\n\n\n<li><a rel=\"noreferrer noopener\" href=\"https:\/\/www.env.nm.gov\/septic\/liquid-waste-program-contact-page\/\" data-type=\"URL\" data-id=\"https:\/\/www.env.nm.gov\/septic\/liquid-waste-program-contact-page\/\" target=\"_blank\">Contacts<\/a><\/li>\n<\/ul>\n\n\n\n<h3 class=\"wp-block-heading\" id=\"block-0809b189-ec9b-436c-b066-e60e91c76afa\">Requirements for qualification (Section 20.7.3.904(A) NMAC)<\/h3>\n\n\n\n<hr class=\"wp-block-separator has-css-opacity\" \/>\n\n\n\n<ul class=\"wp-block-list\">\n<li>A homeowner must become qualified to install an on-site liquid waste system by passing an exam administered by the department.<\/li>\n\n\n\n<li>Homeowner training materials and opportunities for exams, by appointment, shall be available at all department field offices.<\/li>\n\n\n\n<li>A qualified homeowner may apply for a permit to install or modify a conventional on-site liquid waste treatment and disposal system serving the qualified homeowner\u2019s personal residence in accordance with Subsection C of 20.7.3.401 NMAC.<\/li>\n\n\n\n<li>A qualified homeowner shall not install or modify an on-site liquid waste system serving a rental unit, or other property that is not the qualified homeowner\u2019s personal residence.<\/li>\n\n\n\n<li>A homeowner qualification shall be valid for one year from the date of issuance of qualification; the department may extend the qualification beyond one year for good cause shown.<\/li>\n\n\n\n<li>A qualified homeowner may install no more than one liquid waste system during a twelve month period.<\/li>\n\n\n\n<li>A qualified homeowner who self-installs a system shall not compensate any person to perform any phase of the system construction, unless that person holds a valid and appropriate classification of contractor\u2019s license issued by the New Mexico construction industries division.<\/li>\n<\/ul>\n\n\n\n<h2 class=\"wp-block-heading\">Property Transfers<\/h2>\n\n\n\n<hr class=\"wp-block-separator has-css-opacity\" \/>\n\n\n\n<ul class=\"wp-block-list\">\n<li>Properties with onsite liquid waste systems must be evaluated. Please <a href=\"\/septic\/property-transfer-evaluations\/\">click here<\/a> to find out more about the property transfer process. <\/li>\n<\/ul>\n","protected":false},"excerpt":{"rendered":"<p>Finding Qualified Liquid Waste Professionals The Environment Department maintains lists of qualified liquid waste professionals in New Mexico. Qualifying to Install a Liquid Waste System at Your Home Homeowners may qualify to install a liquid waste system after passing a homeowners installation exam Homeowners may qualify to install a conventional liquid waste system at their [&hellip;]<\/p>\n","protected":false},"author":1,"featured_media":0,"parent":0,"menu_order":0,"comment_status":"closed","ping_status":"closed","template":"","meta":{"footnotes":""},"class_list":["post-10","page","type-page","status-publish","hentry"],"_links":{"self":[{"href":"https:\/\/www.env.nm.gov\/septic\/wp-json\/wp\/v2\/pages\/10","targetHints":{"allow":["GET"]}}],"collection":[{"href":"https:\/\/www.env.nm.gov\/septic\/wp-json\/wp\/v2\/pages"}],"about":[{"href":"https:\/\/www.env.nm.gov\/septic\/wp-json\/wp\/v2\/types\/page"}],"author":[{"embeddable":true,"href":"https:\/\/www.env.nm.gov\/septic\/wp-json\/wp\/v2\/users\/1"}],"replies":[{"embeddable":true,"href":"https:\/\/www.env.nm.gov\/septic\/wp-json\/wp\/v2\/comments?post=10"}],"version-history":[{"count":18,"href":"https:\/\/www.env.nm.gov\/septic\/wp-json\/wp\/v2\/pages\/10\/revisions"}],"predecessor-version":[{"id":285,"href":"https:\/\/www.env.nm.gov\/septic\/wp-json\/wp\/v2\/pages\/10\/revisions\/285"}],"wp:attachment":[{"href":"https:\/\/www.env.nm.gov\/septic\/wp-json\/wp\/v2\/media?parent=10"}],"curies":[{"name":"wp","href":"https:\/\/api.w.org\/{rel}","templated":true}]}}