{"id":80,"date":"2021-06-30T06:34:37","date_gmt":"2021-06-30T06:34:37","guid":{"rendered":"https:\/\/www.env.nm.gov\/surface-water-quality\/?page_id=80"},"modified":"2021-09-10T16:36:43","modified_gmt":"2021-09-10T16:36:43","slug":"swqb-covid-19-resources","status":"publish","type":"page","link":"https:\/\/www.env.nm.gov\/surface-water-quality\/swqb-covid-19-resources\/","title":{"rendered":"SWQB COVID-19 Resources"},"content":{"rendered":"\n<p><br>COVID-19 in Wastewater and Treated Effluent<\/p>\n\n\n\n<hr class=\"wp-block-separator\" \/>\n\n\n\n<p>The Surface Water Quality Bureau is monitoring information on the connection between the coronavirus (COVID-19), wastewater treatment, and water systems.<\/p>\n\n\n\n<p>*Information is subject to change and will be updated as necessary*<\/p>\n\n\n\n<p>We have staff available to discuss compliance issues, provide technical assistance, or lend support with other resources that you or your wastewater systems may need.<\/p>\n\n\n\n<p>Call: (505) 827-0187<\/p>\n\n\n\n<hr class=\"wp-block-separator\" \/>\n\n\n\n<p>Wastewater and sewer systems operators are considered essential New Mexico infrastructure workers: <a href=\"https:\/\/www.governor.state.nm.us\/2020\/03\/23\/state-enacts-further-restrictions-to-stop-spread-including-stay-at-home-instruction\/\">https:\/\/www.governor.state.nm.us\/2020\/03\/23\/state-enacts-further-restrictions-to-stop-spread-including-stay-at-home-instruction\/<\/a><\/p>\n\n\n\n<p>\u201cHaving fully operational drinking water and wastewater services is critical to containing COVID-19 and protecting Americans from other public health risks. Our nation\u2019s water and wastewater employees are everyday heroes who are on the frontline of protecting human health and the environment every single day.\u201d \u2013 EPA Administrator Andrew Wheeler<br><a href=\"https:\/\/www.epa.gov\/coronavirus\/water-utility-resources-covid-19-pandemic\">https:\/\/www.epa.gov\/coronavirus\/water-utility-resources-covid-19-pandemic<\/a><\/p>\n\n\n\n<p><strong>Wastewater Treatment System Impacts<\/strong>:<\/p>\n\n\n\n<ul class=\"wp-block-list\"><li>Currently there is no evidence that coronavirus survives the disinfection process for drinking water and wastewater treatment.<\/li><li>No additional coronavirus-specific protections are recommended for employees involved in wastewater management beyond the standard safety practices.<\/li><li>The water sector continues following guidance from the World Health Organization, Centers for Disease Control and Prevention, and state and local health authorities.<\/li><li>One primary impact to wastewater treatment systems is expected to come from staff absenteeism due to illness or other related extenuating circumstances. A second impact may be a disruption to the supply chain.<\/li><\/ul>\n\n\n\n<p>More information is contained in this article, from the Water Environment Federation (WEF): <a href=\"https:\/\/www.wef.org\/wef-waterblog\/wef-waterblog\/what-we-know-about-coronavirus-and-water-treatment\/\">https:\/\/www.wef.org\/wef-waterblog\/wef-waterblog\/what-we-know-about-coronavirus-and-water-treatment\/<\/a><\/p>\n\n\n\n<p><strong>*Please do not flush anything other than wastes and toilet paper down the drain*<\/strong><\/p>\n\n\n\n<p>Water and Wastes Digest: <a href=\"https:\/\/www.wwdmag.com\/coronavirus-covid-19\/wastewater-operators-dont-flush-wipes?oly_enc_id=3125J7666790I0H\">\u201cWastewater Operators: \u201cDon\u2019t Flush Wipes\u201d<\/a><\/p>\n\n\n\n<p><strong>Permitting<\/strong>:<\/p>\n\n\n\n<p><em>At this time EPA is currently unable to process paper NPDES permit applications that are mailed or delivered to an EPA Regional Office or Headquarters due to precautions being taken to prevent the transmission of COVID-19. If you would like to submit an individual permit application for an EPA-issued permit, please refer to the webpage of the appropriate EPA Regional Office for information on contacting EPA via email or other electronic means before submitting paper documents or notices to EPA.<\/em><\/p>\n\n\n\n<ul class=\"wp-block-list\"><li>EPA Applications and Forms: <a href=\"https:\/\/www.epa.gov\/npdes\/npdes-applications-and-forms\">https:\/\/www.epa.gov\/npdes\/npdes-applications-and-forms<\/a><\/li><\/ul>\n\n\n\n<p><strong>Compliance<\/strong>:<\/p>\n\n\n\n<p>Wastewater treatment systems should continue all routine operations and compliance monitoring based on state and federal regulations.<\/p>\n\n\n\n<ul class=\"wp-block-list\"><li>EPA\u2019s Frequently Asked Questions regarding COVID-19 impacts: <a href=\"https:\/\/www.epa.gov\/enforcement\/frequent-questions-about-temporary-covid-19-enforcement-policy#1\">Frequent Questions about the Temporary COVID-19 Enforcement Policy<\/a><\/li><li>COMPLIANCE MONITORING: Continue to monitor wastewater quality, collect your routine compliance samples, and provide sample results to the EPA as normal. Continuing to monitor you wastewater discharge is important to protect public health and the environment.<\/li><li>LABORATORY ANALYSIS: Communicate with your labs to ensure routine samples can be analyzed and locate a second accredited laboratory as a back-up.<\/li><li>TREATMENT SUPPLIES: Conduct an inventory of essential chemicals for your wastewater system\u2019s treatment process or other essential equipment. Ensure that you have a sufficient supply of these chemicals and\/or equipment. Place additional orders for essential chemicals if needed and have backup equipment on hand that is ready for use in case shipping services (FedEx, UPS, etc.) and\/or courier services are affected.<\/li><\/ul>\n\n\n\n<p>Memos from the Environmental Protection Agency concerning compliance issues (for reference):<\/p>\n\n\n\n<ul class=\"wp-block-list\"><li><a href=\"\/wp-content\/uploads\/sites\/25\/2020\/03\/Memorandum2-on-COVID-19-Implications-for-EPAs-Enforcement-and-Compliance-Assurance-Program-March-26-2020.pdf\">Memorandum2 on COVID-19 Implications for EPAs Enforcement and Compliance Assurance Program (March 26 2020)<\/a><\/li><li><a href=\"\/wp-content\/uploads\/sites\/25\/2020\/03\/Advisory-for-NPDES-Reporting-per-Coronavirus-final-as-of-March-31-2020.pdf\">Advisory for NPDES Reporting per Coronavirus \u2013 final as of March 31 2020<\/a><\/li><\/ul>\n\n\n\n<p>If you unable to maintain any aspect of necessary operations, please contact:<\/p>\n\n\n\n<ul class=\"wp-block-list\"><li>the EPA Region 6 (for NPDES permitting issues) at: EPA Permits: Brent Larsen (214-665-7523 or <a href=\"mailto:larsen.brent@epa.gov\">larsen.brent@epa.gov<\/a>) or EPA Enforcement: Carol Peters-Wagnon for municipal\/industrial facilities (214-665-3145 or <a href=\"mailto:peters.carol@epa.gov\">peters.carol@epa.gov<\/a>) or Curry Jones for stormwater issues (214-665-6793 or <a href=\"mailto:jones.curry@epa.gov\">jones.curry@epa.gov<\/a>).<\/li><li>the Surface Water Quality Bureau for effects to surface waters of the state: Sarah Holcomb, Point Source Regulation Section Program Manager at 505-827-2798 or <a href=\"mailto:sarah.holcomb@state.nm.us\">sarah.holcomb@state.nm.us<\/a>. Also, you may call the general bureau number at 505-827-0187 for routine questions; For emergencies, call 505-827-9329.<\/li><\/ul>\n\n\n\n<p><strong>Emergency Preparedness<\/strong>:<\/p>\n\n\n\n<p>Wastewater treatment systems should review their Emergency Response Plans and develop processes for operations and compliance requirements during this time of response to the coronavirus.<\/p>\n\n\n\n<ul class=\"wp-block-list\"><li><a href=\"http:\/\/r20.rs6.net\/tn.jsp?f=001vui7KwW3d9nbtcULgok7lAH8OXdFV75yr2XP0n_8EjuvAgVXeQB_o1oqycbLbQnP0Rfo4oZ1JqkBEaGwNJjA0SfhElpmF7FsL3gLs-T-BCn1I5k0H0Pwf5GK41OB_ouXoMsCo_jB881KRofQOYc5hWNNvHgG7qt3ubTGtPw_ySsZJby_sl_wEZn7WaGiTAcw26GbpaQW6Ad4IoleTezsIoy4jbgb_XGCDSeFVOIY7_THjgXHzR1wmfMgRBgjujNRVEV5Co_RCSc=&amp;c=fMajgtVsPhg5w1v5ZcKEEhnyFVP4ZtqOFWPuNBWz-x0eyKmCdOcJ9Q==&amp;ch=ow-1bLNqR_3DMabZF2Np2QW3FSshwHtkQk1AMWm0Iko17WTw6MvPxA==\">EPA\u2019s Pandemic Incident Action Checklist<\/a><\/li><li>EMERGENCY RESPONSE PLANS: Review and make any necessary updates to your wastewater treatment system emergency response plans.<ul><li>Ensure that any necessary emergency contact phone numbers for your wastewater system are updated and accurate.<\/li><li>Update contact information for chemical suppliers, equipment suppliers, or contracted services is up to date.<\/li><li>Identify essential staff such as certified operators, emergency coordinators, or other staff that are required to maintain continuous operation of your wastewater system. Designate emergency backups for essential employees int he case they become sick and cannot perform their job functions.<\/li><li>Coordinate with neighboring wastewater systems to share resources or essential personnel in the event of an emergency.<\/li><\/ul><\/li><li>OPERATION AND MAINTENANCE PLANS: Review and make any necessary updates to your wastewater treatment systems\u2019 O&amp;M and sampling plans. Review and make any necessary updates to written instructions for critical operations or equipment. Ensure that all operations staff are familiar with these critical operations instructions.<\/li><li>WASTEWATER SYSTEM PARTNERSHIPS: Partnering and collaborating with other nearby wastewater systems can be beneficial, especially during challenging times. NMED-SWQB can assist with wastewater system partnerships.<\/li><\/ul>\n\n\n\n<p><strong>Additional Resources<\/strong>:<\/p>\n\n\n\n<ul class=\"wp-block-list\"><li>OSHA Standards During Pandemic: <a href=\"https:\/\/www.osha.gov\/SLTC\/covid-19\/\">https:\/\/www.osha.gov\/SLTC\/covid-19\/<\/a><\/li><li>NM Department of Health: <a href=\"https:\/\/cv.nmhealth.org\/\">Coronavirus Updates<\/a><\/li><li>Water Environment Federation: <a href=\"https:\/\/www.wef.org\/news-hub\/wef-news\/the-water-professionals-guide-to-the-2019-novel-coronavirus\/\">Water Professional\u2019s Guide to COVID-19<\/a><\/li><li>US Center for Disease Control (CDC) information on: <a href=\"https:\/\/www.cdc.gov\/coronavirus\/2019-ncov\/php\/water.html\">Water Transmission and COVID-19<\/a><\/li><li>US Environmental Protection Agency (EPA): <a href=\"https:\/\/www.epa.gov\/coronavirus\">Information on COVID-19<\/a><\/li><li>US Department of Homeland Security: <a href=\"https:\/\/www.cisa.gov\/sites\/default\/files\/publications\/20_0306_cisa_insights_risk_management_for_novel_coronavirus.pdf\">Guidance on Risk Management for COVID-19<\/a><\/li><li>World Health Organization (WHO) guidance in a <a href=\"https:\/\/www.who.int\/publications-detail\/water-sanitation-hygiene-and-waste-management-for-covid-19\">March 3rd, 2020 technical brief<\/a> on water, sanitation, hygiene, and waste management<\/li><li>EPA\u2019s List of Disinfectants for Use against Coronavirus: <a href=\"http:\/\/r20.rs6.net\/tn.jsp?f=001vui7KwW3d9nbtcULgok7lAH8OXdFV75yr2XP0n_8EjuvAgVXeQB_o1oqycbLbQnPOkCOXQiZhmS7pccShC5updv6MhO4eIXZEc_nKR4r8OUOX2mtZx36si5Km3OyygkqMO-FBohTzZfKGDu1P8SWxEa8c-Xcg4rX3zLi02xbqkIblnRQY_U8hMQuXazIlTrTPXGGZmxnmQksn3Z808w5L5HdEjJlYI9wUTSn5c1yN1A=&amp;c=fMajgtVsPhg5w1v5ZcKEEhnyFVP4ZtqOFWPuNBWz-x0eyKmCdOcJ9Q==&amp;ch=ow-1bLNqR_3DMabZF2Np2QW3FSshwHtkQk1AMWm0Iko17WTw6MvPxA==\">disinfectants for use against Coronavirus (COVID-19)<\/a><\/li><\/ul>\n\n\n\n<p>COVID-19 en aguas residuales y efluentes tratados<\/p>\n\n\n\n<hr class=\"wp-block-separator\" \/>\n\n\n\n<p>La Oficina de Calidad de Aguas Superficiales est\u00e1 monitoreando la informaci\u00f3n sobre la conexi\u00f3n entre el coronavirus (COVID-19), el tratamiento de aguas residuales y los sistemas de agua.<\/p>\n\n\n\n<p>*La informaci\u00f3n est\u00e1 sujeta a cambios y se actualizar\u00e1 seg\u00fan sea necesario*<\/p>\n\n\n\n<p>Tenemos personal disponible para discutir temas de cumplimiento, proveer asistencia t\u00e9cnica o prestar apoyo con otros recursos que usted o sus sistemas de aguas residuales puedan necesitar.<\/p>\n\n\n\n<p>Llama al: (505) 827-0187<\/p>\n\n\n\n<hr class=\"wp-block-separator\" \/>\n\n\n\n<p>Los operadores de sistemas de aguas residuales y alcantarillado se consideran trabajadores esenciales de la infraestructura de Nuevo M\u00e9xico: <a href=\"https:\/\/www.governor.state.nm.us\/2020\/03\/23\/state-enacts-further-restrictions-to-stop-spread-including-stay-at-home-instruction\/\">https:\/\/www.governor.state.nm.us\/2020\/03\/23\/state-enacts-further-restrictions-to-stop-spread-including-stay-at-home-instruction\/<\/a><\/p>\n\n\n\n<p>\u201cTener servicios de agua potable y aguas residuales en pleno funcionamiento es fundamental para contener el COVID-19 y proteger a los estadounidenses de otros riesgos para la salud p\u00fablica. Los empleados del agua y las aguas residuales de nuestra naci\u00f3n son h\u00e9roes cotidianos que est\u00e1n en la primera l\u00ednea de protecci\u00f3n de la salud humana y el medio ambiente todos los d\u00edas.\u201d \u2013 El administrador de la EPA Andrew Wheeler<br><a href=\"https:\/\/www.epa.gov\/coronavirus\/water-utility-resources-covid-19-pandemic\">https:\/\/www.epa.gov\/coronavirus\/water-utility-resources-covid-19-pandemic<\/a><\/p>\n\n\n\n<p><strong><u>Impactos del sistema de tratamiento de aguas residuales:<\/u><\/strong><\/p>\n\n\n\n<ul class=\"wp-block-list\"><li>Actualmente no hay pruebas de que el coronavirus sobrevive el proceso de desinfecci\u00f3n para tratamiento del agua potable y las aguas residuales.<\/li><li>No se recomiendan protecciones adicionales espec\u00edficas contra el coronavirus para los empleados involucrados en el manejo de aguas residuales m\u00e1s all\u00e1 de las pr\u00e1cticas de seguridad est\u00e1ndar.<\/li><li>El sector del agua contin\u00faa siguiendo las directrices de la Organizaci\u00f3n Mundial de la Salud, los Centros para el Control y la Prevenci\u00f3n de Enfermedades y las autoridades sanitarias estatales y locales.<\/li><li>Se prev\u00e9 que uno de los principales impactos en los sistemas de tratamiento de aguas residuales provenga del absentismo del personal debido a enfermedades u otras circunstancias relacionadas atenuantes. Un segundo impacto puede ser una interrupci\u00f3n de la cadena de suministro.<\/li><\/ul>\n\n\n\n<p>Puede obtener m\u00e1s informaci\u00f3n en este art\u00edculo de la Federaci\u00f3n del Medio Ambiente del Agua (WEF, por sus siglas en ingl\u00e9s): <a href=\"https:\/\/www.wef.org\/wef-waterblog\/wef-waterblog\/what-we-know-about-coronavirus-and-water-treatment\/\">https:\/\/www.wef.org\/wef-waterblog\/wef-waterblog\/what-we-know-about-coronavirus-and-water-treatment\/<\/a><\/p>\n\n\n\n<p><strong>*Por favor, no tire nada m\u00e1s que desechos corporales y papel higi\u00e9nico por el desag\u00fce*<\/strong><\/p>\n\n\n\n<p>Resumen sobre agua y desechos corporales: \u201cOperadores de aguas residuales: No tiren las toallitas al desag\u00fce\u201c<\/p>\n\n\n\n<p><strong><u>Permisos:<\/u><\/strong><\/p>\n\n\n\n<ul class=\"wp-block-list\"><li><em>En este momento, la EPA no puede tramitar actualmente las solicitudes de permiso de NPDES en papel que se env\u00edan por correo o se entregan en una oficina regional o en la sede de la EPA, debido a las precauciones que se est\u00e1n tomando para evitar la transmisi\u00f3n de COVID-19. Si desea presentar una solicitud de permiso individual para un permiso emitido por la EPA, consulte la p\u00e1gina web de la Oficina Regional de la EPA correspondiente para obtener informaci\u00f3n sobre c\u00f3mo ponerse en contacto con la EPA por e-mail u otros medios electr\u00f3nicos antes de enviar documentos o avisos en papel a la EPA.<\/em><\/li><li>Solicitudes y formularios de la EPA: <a href=\"https:\/\/www.epa.gov\/npdes\/npdes-applications-and-forms\">https:\/\/www.epa.gov\/npdes\/npdes-applications-and-forms<\/a><\/li><\/ul>\n\n\n\n<p><strong><u>Cumplimiento:<\/u><\/strong><\/p>\n\n\n\n<p>Los sistemas de tratamiento de aguas residuales deben continuar todas las operaciones de rutina y monitoreo de cumplimiento de los reglamentos estatales y federales.<\/p>\n\n\n\n<ul class=\"wp-block-list\"><li>Preguntas frecuentes de la EPA sobre los impactos de COVID-19: <a href=\"https:\/\/www.epa.gov\/enforcement\/frequent-questions-about-temporary-covid-19-enforcement-policy#1\">Frequent Questions about the Temporary COVID-19 Enforcement Policy<\/a><\/li><li>MONITOREO DE CUMPLIMIENTO: Continuar monitoreando la calidad de las aguas residuales, recolectar las muestras de cumplimiento de rutina y proporcionar los resultados de las muestras a la EPA como de costumbre. El continuar monitoreando la descarga de aguas residuales es importante para proteger la salud p\u00fablica y el medio ambiente.<\/li><li>AN\u00c1LISIS DE LABORATORIO: Comun\u00edquese con sus laboratorios para asegurar que las muestras de rutina puedan ser analizadas y encuentre un segundo laboratorio acreditado como reserva.<\/li><li>SUMINISTROS DE TRATAMIENTO: Realice un inventario de los productos qu\u00edmicos esenciales para el proceso de tratamiento de su sistema de aguas residuales u otros equipos esenciales. Aseg\u00farese de que tiene un suministro suficiente de estos productos qu\u00edmicos y\/o equipo. Haga pedidos adicionales de productos qu\u00edmicos esenciales si es necesario y tenga a mano equipos de reserva listos para ser utilizados en caso de que los servicios de env\u00edo (FedEx, UPS, etc.) y\/o los servicios de correos se vean afectados.<\/li><\/ul>\n\n\n\n<p>Memorandos de la Agencia de Protecci\u00f3n Ambiental sobre temas de cumplimiento (para referencia): Memos from the Environmental Protection Agency concerning compliance issues (for reference):<\/p>\n\n\n\n<ul class=\"wp-block-list\"><li><a href=\"\/wp-content\/uploads\/sites\/25\/2020\/03\/Memorandum2-on-COVID-19-Implications-for-EPAs-Enforcement-and-Compliance-Assurance-Program-March-26-2020.pdf\">Memorandum2 on COVID-19 Implications for EPAs Enforcement and Compliance Assurance Program (March 26 2020)<\/a><\/li><li><a href=\"\/wp-content\/uploads\/sites\/25\/2020\/03\/Advisory-for-NPDES-Reporting-per-Coronavirus-final-as-of-March-31-2020.pdf\">Advisory for NPDES Reporting per Coronavirus \u2013 final as of March 31 2020<\/a><\/li><\/ul>\n\n\n\n<p>Si no puede mantener ning\u00fan aspecto de las operaciones necesarias, por favor, p\u00f3ngase en contacto:<\/p>\n\n\n\n<ul class=\"wp-block-list\"><li>la Regi\u00f3n 6 de la EPA (para cuestiones de permisos de NPDES) en: Permisos de la EPA: Brent Larsen (214-665-7523 o <a href=\"mailto:larsen.brent@epa.gov\">larsen.brent@epa.gov<\/a>) o Cumplimiento de la EPA: Jerry Saunders (214-665-6470 o <a href=\"mailto:saunders.jerry@epa.gov\">saunders.jerry@epa.gov<\/a>).<\/li><li>Oficina de Calidad de Aguas Superficiales para efectos a las aguas superficiales del estado: Sarah Holcomb, gerente del Programa de Secci\u00f3n de Regulaci\u00f3n de Fuentes Puntuales al 505-827-2798 o <a href=\"mailto:sarah.holcomb@state.nm.us\">sarah.holcomb@state.nm.us<\/a>. Tambi\u00e9n puede llamar al n\u00famero general de la oficina al 505-827-0187 para preguntas de rutina; Para emergencias, llame al 505-827-9329.<\/li><\/ul>\n\n\n\n<p><strong><u>Preparaci\u00f3n para emergencias:<\/u><\/strong><\/p>\n\n\n\n<p>Los sistemas de tratamiento de aguas residuales deben revisar sus planes de respuesta de emergencia y desarrollar procesos para las operaciones y requisitos de cumplimiento durante este tiempo de respuesta al coronavirus.<\/p>\n\n\n\n<ul class=\"wp-block-list\"><li><a href=\"http:\/\/r20.rs6.net\/tn.jsp?f=001vui7KwW3d9nbtcULgok7lAH8OXdFV75yr2XP0n_8EjuvAgVXeQB_o1oqycbLbQnP0Rfo4oZ1JqkBEaGwNJjA0SfhElpmF7FsL3gLs-T-BCn1I5k0H0Pwf5GK41OB_ouXoMsCo_jB881KRofQOYc5hWNNvHgG7qt3ubTGtPw_ySsZJby_sl_wEZn7WaGiTAcw26GbpaQW6Ad4IoleTezsIoy4jbgb_XGCDSeFVOIY7_THjgXHzR1wmfMgRBgjujNRVEV5Co_RCSc=&amp;c=fMajgtVsPhg5w1v5ZcKEEhnyFVP4ZtqOFWPuNBWz-x0eyKmCdOcJ9Q==&amp;ch=ow-1bLNqR_3DMabZF2Np2QW3FSshwHtkQk1AMWm0Iko17WTw6MvPxA==\">EPA\u2019s Pandemic Incident Action Checklist<\/a> (Lista de control de la EPA para acci\u00f3n en caso de incidentes pand\u00e9micos)<\/li><li>PLANES DE RESPUESTA DE EMERGENCIA: Revise y haga las actualizaciones necesarias a los planes de respuesta de emergencia de su sistema de tratamiento de aguas residuales.<ul><li>Aseg\u00farese de que cualquier n\u00famero de tel\u00e9fono de contacto de emergencia necesario para su sistema de aguas residuales est\u00e9 actualizado y sea correcto.<\/li><li>Actualice la informaci\u00f3n de contacto de los proveedores de productos qu\u00edmicos, proveedores de equipos o servicios contratados que est\u00e9 actualizada.<\/li><li>Identificar el personal esencial, como operadores certificados, coordinadores de emergencia u otro personal que sea necesario para mantener el funcionamiento continuo de su sistema de aguas residuales. Designe respaldos de emergencia para empleados esenciales en caso de que enfermen y no puedan realizar las funciones laborales.<\/li><li>Coordine con los sistemas de aguas residuales vecinos para compartir recursos o personal esencial en caso de emergencia.<\/li><\/ul><\/li><li>PLANES DE OPERACI\u00d3N Y MANTENIMIENTO: Revise y haga las actualizaciones necesarias en los planes de operaci\u00f3n y mantenimiento y en los planes de muestreo de sus sistemas de tratamiento de aguas residuales. Revise y haga las actualizaciones necesarias a las instrucciones escritas para las operaciones o equipos cr\u00edticos. Aseg\u00farese de que todo el personal de operaciones est\u00e9 familiarizado con estas instrucciones de operaciones cr\u00edticas.<\/li><li>ASOCIACIONES DEL SISTEMA DE AGUAS RESIDUALES: Asociarse y colaborar con otros sistemas de aguas residuales cercanos puede ser beneficioso, especialmente en tiempos dif\u00edciles. NMED-SWQB puede ayudar con las asociaciones de sistemas de aguas residuales.<\/li><\/ul>\n\n\n\n<p><strong><u>Recursos adicionales:<\/u><\/strong><\/p>\n\n\n\n<ul class=\"wp-block-list\"><li>Est\u00e1ndares de OSHA durante la pandemia: <a href=\"https:\/\/www.osha.gov\/SLTC\/covid-19\/\">https:\/\/www.osha.gov\/SLTC\/covid-19\/<\/a><\/li><li>Departamento de Salud de NM: <a href=\"https:\/\/cv.nmhealth.org\/\">Coronavirus Updates<\/a><\/li><li>Federaci\u00f3n Ambiental del Agua: <a href=\"https:\/\/www.wef.org\/news-hub\/wef-news\/the-water-professionals-guide-to-the-2019-novel-coronavirus\/\">Water Professional\u2019s Guide to COVID-19<\/a><\/li><li>Informaci\u00f3n de los Centros de Control de Enfermedades de los Estados Unidos (CDC) sobre: <a href=\"https:\/\/www.cdc.gov\/coronavirus\/2019-ncov\/php\/water.html\">Water Transmission and COVID-19<\/a><\/li><li>Agencia de Protecci\u00f3n Ambiental de los Estados Unidos (EPA): <a href=\"https:\/\/www.epa.gov\/coronavirus\">Information on COVID-19<\/a><\/li><li>Departamento de Seguridad Nacional de los Estados Unidos: <a href=\"https:\/\/www.cisa.gov\/sites\/default\/files\/publications\/20_0306_cisa_insights_risk_management_for_novel_coronavirus.pdf\">Guidance on Risk Management for COVID-19<\/a><\/li><li>Gu\u00eda de la Organizaci\u00f3n Mundial de la Salud (OMS) en un informe t\u00e9cnico del 3 de marzo de 2020 (<a href=\"https:\/\/www.who.int\/publications-detail\/water-sanitation-hygiene-and-waste-management-for-covid-19\">March 3rd, 2020 technical brief<\/a>) sobre el agua, el saneamiento, la higiene y la gesti\u00f3n de los desechos <a href=\"https:\/\/www.who.int\/publications-detail\/water-sanitation-hygiene-and-waste-management-for-covid-19\">March 3rd, 2020 technical brief<\/a><\/li><li>Lista de la EPA de desinfectantes para uso contra el Coronavirus: <a href=\"http:\/\/r20.rs6.net\/tn.jsp?f=001vui7KwW3d9nbtcULgok7lAH8OXdFV75yr2XP0n_8EjuvAgVXeQB_o1oqycbLbQnPOkCOXQiZhmS7pccShC5updv6MhO4eIXZEc_nKR4r8OUOX2mtZx36si5Km3OyygkqMO-FBohTzZfKGDu1P8SWxEa8c-Xcg4rX3zLi02xbqkIblnRQY_U8hMQuXazIlTrTPXGGZmxnmQksn3Z808w5L5HdEjJlYI9wUTSn5c1yN1A=&amp;c=fMajgtVsPhg5w1v5ZcKEEhnyFVP4ZtqOFWPuNBWz-x0eyKmCdOcJ9Q==&amp;ch=ow-1bLNqR_3DMabZF2Np2QW3FSshwHtkQk1AMWm0Iko17WTw6MvPxA==\">disinfectants for use against Coronavirus (COVID-19)<\/a><\/li><\/ul>\n","protected":false},"excerpt":{"rendered":"<p>COVID-19 in Wastewater and Treated Effluent The Surface Water Quality Bureau is monitoring information on the connection between the coronavirus (COVID-19), wastewater treatment, and water systems. *Information is subject to change and will be updated as necessary* We have staff available to discuss compliance issues, provide technical assistance, or lend support with other resources that [&hellip;]<\/p>\n","protected":false},"author":1,"featured_media":0,"parent":0,"menu_order":0,"comment_status":"closed","ping_status":"closed","template":"","meta":{"footnotes":""},"class_list":["post-80","page","type-page","status-publish","hentry"],"_links":{"self":[{"href":"https:\/\/www.env.nm.gov\/surface-water-quality\/wp-json\/wp\/v2\/pages\/80","targetHints":{"allow":["GET"]}}],"collection":[{"href":"https:\/\/www.env.nm.gov\/surface-water-quality\/wp-json\/wp\/v2\/pages"}],"about":[{"href":"https:\/\/www.env.nm.gov\/surface-water-quality\/wp-json\/wp\/v2\/types\/page"}],"author":[{"embeddable":true,"href":"https:\/\/www.env.nm.gov\/surface-water-quality\/wp-json\/wp\/v2\/users\/1"}],"replies":[{"embeddable":true,"href":"https:\/\/www.env.nm.gov\/surface-water-quality\/wp-json\/wp\/v2\/comments?post=80"}],"version-history":[{"count":4,"href":"https:\/\/www.env.nm.gov\/surface-water-quality\/wp-json\/wp\/v2\/pages\/80\/revisions"}],"predecessor-version":[{"id":403,"href":"https:\/\/www.env.nm.gov\/surface-water-quality\/wp-json\/wp\/v2\/pages\/80\/revisions\/403"}],"wp:attachment":[{"href":"https:\/\/www.env.nm.gov\/surface-water-quality\/wp-json\/wp\/v2\/media?parent=80"}],"curies":[{"name":"wp","href":"https:\/\/api.w.org\/{rel}","templated":true}]}}